{"id":3,"date":"2024-09-06T14:54:08","date_gmt":"2024-09-06T14:54:08","guid":{"rendered":"https:\/\/olivegreen.es\/?page_id=3"},"modified":"2026-02-05T14:52:51","modified_gmt":"2026-02-05T13:52:51","slug":"politica-de-privacidad","status":"publish","type":"page","link":"https:\/\/olivegreen.es\/en\/politica-de-privacidad\/","title":{"rendered":"Privacy Policy"},"content":{"rendered":"<div data-elementor-type=\"wp-page\" data-elementor-id=\"3\" class=\"elementor elementor-3\" data-elementor-post-type=\"page\">\n\t\t\t\t<div class=\"elementor-element elementor-element-58cd826 e-flex e-con-boxed e-con e-parent\" data-id=\"58cd826\" data-element_type=\"container\" data-settings=\"{&quot;background_background&quot;:&quot;classic&quot;}\">\n\t\t\t\t\t<div class=\"e-con-inner\">\n\t\t<div class=\"elementor-element elementor-element-52377e0 e-con-full e-flex e-con e-child\" data-id=\"52377e0\" data-element_type=\"container\">\n\t\t\t\t<div class=\"elementor-element elementor-element-7bdf32e elementor-widget elementor-widget-heading\" data-id=\"7bdf32e\" data-element_type=\"widget\" data-widget_type=\"heading.default\">\n\t\t\t\t\t<h2 class=\"elementor-heading-title elementor-size-default\">Privacy Policy<\/h2>\t\t\t\t<\/div>\n\t\t\t\t<\/div>\n\t\t\t\t\t<\/div>\n\t\t\t\t<\/div>\n\t\t<div class=\"elementor-element elementor-element-1911d5ca e-flex e-con-boxed e-con e-parent\" data-id=\"1911d5ca\" data-element_type=\"container\">\n\t\t\t\t\t<div class=\"e-con-inner\">\n\t\t\t\t<div class=\"elementor-element elementor-element-423d6edf elementor-widget elementor-widget-text-editor\" data-id=\"423d6edf\" data-element_type=\"widget\" data-widget_type=\"text-editor.default\">\n\t\t\t\t\t\t\t\t\t\n<h2 class=\"wp-block-heading\">About us<\/h2>\n\n<p>Our website address is: https:\/\/olivegreen.es.<\/p>\n\n<h2 class=\"wp-block-heading\">Comments<\/h2>\n\n<p>When visitors leave comments on the site, we collect the data shown in the comments form, as well as the visitor's IP address and browser user agent string to help spam detection.<\/p>\n\n<p>An anonymized string created from your email address (also called a hash) may be provided to the Gravatar service to see if you are using it. The Gravatar service privacy policy is available here: https:\/\/automattic.com\/privacy\/. After approval of your comment, your profile picture is visible to the public in the context of your comment.<\/p>\n\n<h2 class=\"wp-block-heading\">Media<\/h2>\n\n<p>If you upload images to the website, you should avoid uploading images with embedded location data (EXIF GPS). Visitors to the website can download and extract any location data from images on the site.<\/p>\n\n<h2 class=\"wp-block-heading\">Cookies<\/h2>\n\n<p>If you leave a comment on our site, you may opt to save your name, email address, and website in cookies. This is for your convenience, so you don't have to fill in your details again when you leave another comment. These cookies will last for one year.<\/p>\n\n<p>If you visit our login page, we will set a temporary cookie to determine whether your browser accepts cookies. This cookie contains no personal data and is deleted when you close your browser.<\/p>\n\n<p>When you log in, we will also set several cookies to save your login information and screen options. Login cookies last for two days, and screen options cookies last for one year. If you select \u201cRemember Me,\u201d your login will persist for two weeks. If you log out of your account, the login cookies will be removed.<\/p>\n\n<p>If you edit or publish an article, an additional cookie will be saved in your browser. This cookie does not include personal data and simply indicates the ID of the article entry you just edited. It expires after 1 day.<\/p>\n\n<h2 class=\"wp-block-heading\">Embedded content from other websites<\/h2>\n\n<p>Articles on this site may include embedded content (e.g., videos, images, articles, etc.). Embedded content from other websites behaves in exactly the same way as if the visitor had visited the other website.<\/p>\n\n<p>These websites may collect data about you, use cookies, embed additional third-party tracking, and monitor your interaction with that embedded content, including tracking your interaction with the embedded content if you have an account and are logged in to that website.<\/p>\n\n<h2 class=\"wp-block-heading\">Who we share your data with<\/h2>\n\n<p>If you request a password reset, your IP address will be included in the reset email.<\/p>\n\n<h2 class=\"wp-block-heading\">How long we keep your data<\/h2>\n\n<p>If you leave a comment, the comment and its metadata are retained indefinitely. This is so we can recognize and approve any follow-up comments automatically instead of holding them in a moderation queue.<\/p>\n\n<p>For users who register on our website (if any), we also store the personal information they provide in their user profile. All users can view, edit, or delete their personal information at any time (except that they cannot change their username). Website administrators can also view and edit that information.<\/p>\n\n<h2 class=\"wp-block-heading\">What rights do you have over your data?<\/h2>\n\n<p>Si tienes una cuenta en este sitio, o has dejado comentarios, puedes solicitar recibir un archivo exportado de los datos personales que tenemos sobre ti, incluidos los datos que nos hayas proporcionado. Tambi\u00e9n puedes solicitar que borremos cualquier dato personal que tengamos sobre ti. Esto no incluye ning\u00fan dato que estemos obligados a conservar con fines administrativos, legales o de seguridad.<\/p>\n\n<h2 class=\"wp-block-heading\">Where your data is sent<\/h2>\n\n<p>Visitor comments may be reviewed by an automated spam detection service.<\/p>\n\n<p>\u00a0<\/p>\t\t\t\t\t\t\t\t<\/div>\n\t\t\t\t\t<\/div>\n\t\t\t\t<\/div>\n\t\t\t\t<\/div>","protected":false},"excerpt":{"rendered":"<p>Pol\u00edtica de privacidad Qui\u00e9nes somos Nuestra direcci\u00f3n web es: https:\/\/olivegreen.es. Comentarios Cuando los visitantes dejan comentarios en el sitio, recopilamos los datos que se muestran en el formulario de comentarios, as\u00ed como la direcci\u00f3n IP del visitante y la cadena del agente de usuario del navegador para ayudar a la detecci\u00f3n de spam. Una cadena [&hellip;]<\/p>","protected":false},"author":1,"featured_media":0,"parent":0,"menu_order":0,"comment_status":"closed","ping_status":"closed","template":"","meta":{"_seopress_robots_primary_cat":"","_seopress_titles_title":"","_seopress_titles_desc":"","_seopress_robots_index":"","footnotes":""},"class_list":["post-3","page","type-page","status-publish","hentry"],"_links":{"self":[{"href":"https:\/\/olivegreen.es\/en\/wp-json\/wp\/v2\/pages\/3","targetHints":{"allow":["GET"]}}],"collection":[{"href":"https:\/\/olivegreen.es\/en\/wp-json\/wp\/v2\/pages"}],"about":[{"href":"https:\/\/olivegreen.es\/en\/wp-json\/wp\/v2\/types\/page"}],"author":[{"embeddable":true,"href":"https:\/\/olivegreen.es\/en\/wp-json\/wp\/v2\/users\/1"}],"replies":[{"embeddable":true,"href":"https:\/\/olivegreen.es\/en\/wp-json\/wp\/v2\/comments?post=3"}],"version-history":[{"count":10,"href":"https:\/\/olivegreen.es\/en\/wp-json\/wp\/v2\/pages\/3\/revisions"}],"predecessor-version":[{"id":1632,"href":"https:\/\/olivegreen.es\/en\/wp-json\/wp\/v2\/pages\/3\/revisions\/1632"}],"wp:attachment":[{"href":"https:\/\/olivegreen.es\/en\/wp-json\/wp\/v2\/media?parent=3"}],"curies":[{"name":"wp","href":"https:\/\/api.w.org\/{rel}","templated":true}]}}