{"id":23,"date":"2025-03-10T15:19:39","date_gmt":"2025-03-10T14:19:39","guid":{"rendered":"https:\/\/olivegreen.es\/?page_id=23"},"modified":"2026-03-05T10:55:20","modified_gmt":"2026-03-05T09:55:20","slug":"contacto","status":"publish","type":"page","link":"https:\/\/olivegreen.es\/en\/contacto\/","title":{"rendered":"Contact"},"content":{"rendered":"<div data-elementor-type=\"wp-page\" data-elementor-id=\"23\" class=\"elementor elementor-23\" data-elementor-post-type=\"page\">\n\t\t\t\t<div class=\"elementor-element elementor-element-5489c62 e-flex e-con-boxed e-con e-parent\" data-id=\"5489c62\" data-element_type=\"container\" data-settings=\"{&quot;background_background&quot;:&quot;classic&quot;}\">\n\t\t\t\t\t<div class=\"e-con-inner\">\n\t\t<div class=\"elementor-element elementor-element-0a76ded e-con-full e-flex e-con e-child\" data-id=\"0a76ded\" data-element_type=\"container\">\n\t\t<div class=\"elementor-element elementor-element-c3cb762 e-con-full e-flex e-con e-child\" data-id=\"c3cb762\" data-element_type=\"container\">\n\t\t\t\t<div class=\"elementor-element elementor-element-e89d008 elementor-widget elementor-widget-heading\" data-id=\"e89d008\" data-element_type=\"widget\" data-widget_type=\"heading.default\">\n\t\t\t\t\t<h2 class=\"elementor-heading-title elementor-size-default\">contact<\/h2>\t\t\t\t<\/div>\n\t\t\t\t<div class=\"elementor-element elementor-element-6aa678c elementor-absolute elementor-widget elementor-widget-heading\" data-id=\"6aa678c\" data-element_type=\"widget\" data-settings=\"{&quot;_position&quot;:&quot;absolute&quot;}\" data-widget_type=\"heading.default\">\n\t\t\t\t\t<h2 class=\"elementor-heading-title elementor-size-default\">contact<\/h2>\t\t\t\t<\/div>\n\t\t\t\t<\/div>\n\t\t\t\t<\/div>\n\t\t<div class=\"elementor-element elementor-element-5cc108d e-con-full e-flex e-con e-child\" data-id=\"5cc108d\" data-element_type=\"container\" data-settings=\"{&quot;background_background&quot;:&quot;classic&quot;}\">\n\t\t\t\t<div class=\"elementor-element elementor-element-b5a78b5 elementor-widget__width-initial elementor-widget elementor-widget-text-editor\" data-id=\"b5a78b5\" data-element_type=\"widget\" data-widget_type=\"text-editor.default\">\n\t\t\t\t\t\t\t\t\t<p>If you require a language service, or have any other query, please send me an email to <strong>monica@olivegreen.es<\/strong>. I will be happy to advise you free of charge and with no obligation.<\/p>\t\t\t\t\t\t\t\t<\/div>\n\t\t\t\t<\/div>\n\t\t\t\t\t<\/div>\n\t\t\t\t<\/div>\n\t\t\t\t<\/div>","protected":false},"excerpt":{"rendered":"<p>contacto contacto Si necesitas alg\u00fan servicio ling\u00fc\u00edstico, o para cualquier otra consulta, no dudes en ponerte en contacto conmigo enviando un mensaje a monica@olivegreen.es. Estar\u00e9 encantada de asesorarte sin compromiso.<\/p>","protected":false},"author":1,"featured_media":97,"parent":0,"menu_order":0,"comment_status":"closed","ping_status":"closed","template":"","meta":{"_seopress_robots_primary_cat":"","_seopress_titles_title":"","_seopress_titles_desc":"","_seopress_robots_index":"","footnotes":""},"class_list":["post-23","page","type-page","status-publish","has-post-thumbnail","hentry"],"_links":{"self":[{"href":"https:\/\/olivegreen.es\/en\/wp-json\/wp\/v2\/pages\/23","targetHints":{"allow":["GET"]}}],"collection":[{"href":"https:\/\/olivegreen.es\/en\/wp-json\/wp\/v2\/pages"}],"about":[{"href":"https:\/\/olivegreen.es\/en\/wp-json\/wp\/v2\/types\/page"}],"author":[{"embeddable":true,"href":"https:\/\/olivegreen.es\/en\/wp-json\/wp\/v2\/users\/1"}],"replies":[{"embeddable":true,"href":"https:\/\/olivegreen.es\/en\/wp-json\/wp\/v2\/comments?post=23"}],"version-history":[{"count":43,"href":"https:\/\/olivegreen.es\/en\/wp-json\/wp\/v2\/pages\/23\/revisions"}],"predecessor-version":[{"id":1648,"href":"https:\/\/olivegreen.es\/en\/wp-json\/wp\/v2\/pages\/23\/revisions\/1648"}],"wp:featuredmedia":[{"embeddable":true,"href":"https:\/\/olivegreen.es\/en\/wp-json\/wp\/v2\/media\/97"}],"wp:attachment":[{"href":"https:\/\/olivegreen.es\/en\/wp-json\/wp\/v2\/media?parent=23"}],"curies":[{"name":"wp","href":"https:\/\/api.w.org\/{rel}","templated":true}]}}